{"id":7929,"date":"2024-08-07T15:56:46","date_gmt":"2024-08-07T14:56:46","guid":{"rendered":"https:\/\/www.studio-max.at\/?page_id=7929"},"modified":"2025-04-07T07:11:37","modified_gmt":"2025-04-07T06:11:37","slug":"impressum","status":"publish","type":"page","link":"https:\/\/www.studio-max.at\/de\/impressum\/","title":{"rendered":"Impressum"},"content":{"rendered":"<div class=\"bm-builder clearfix \"><div id=\"\" class=\"module col-12 module-id-1723042597705\" data-module-col=\"12\"><div class=\"module-inside text-inside\" style=\"--top-mod: 0px;--bottom-mod: 0px;--top-mod-t: 0px;--bottom-mod-t: 0px;--top-mod-m:0px;--bottom-mod-m:0px;\" ><div class=\"text_block_out\"  data-effect=\"standard\" style=\"\"><div class=\"text_block ux-mod-nobg\"><div class=\"text_block_inn\"><div id=\"text-1723042597705\" class=\"text_block_centered text_block_centered_enable_width\"  style=\"\"><h1>Impressum<\/h1><\/div><\/div><\/div><\/div><\/div><\/div><div id=\"\" class=\"module col-12 module-id-1723042597888\" data-module-col=\"12\"><div class=\"module-inside text-inside\" style=\"--top-mod: 0px;--bottom-mod: 60px;--top-mod-t: 0px;--bottom-mod-t: 60px;--top-mod-m:0px;--bottom-mod-m:0px;\" ><div class=\"text_block_out\"  data-effect=\"standard\" style=\"\"><div class=\"text_block ux-mod-nobg\"><div class=\"text_block_inn\"><div id=\"text-1723042597888\" class=\"text_block_centered text_block_centered_enable_width\"  style=\"\"><p>Informationen gem\u00e4\u00df E-Commerce-Gesetz (ECG) und \u00a725 Mediengesetz<\/p><\/div><\/div><\/div><\/div><\/div><\/div><div id=\"\" class=\"module col-5 module-id-172304259875 bm-wrap row-top row-left bm-wrap-height-auto\" data-module-col=\"5\" data-change-color=\"off\" data-backcolor=\"transparent\" data-frontcolor=\"\" data-logocolor=\"\" data-goto-top=\"off\" data-goto-top-spacing=\"0\" data-goto-disable-m=\"\" data-groupsameheight=\"off\"><div class=\"module-inside group-inside\" style=\"--top-mod: 0px;--bottom-mod: 0px;--top-mod-t: 0px;--bottom-mod-t: 0px;--top-mod-m:0px;--bottom-mod-m:0px;\" ><div id=\"\" class=\"module col-5 module-id-1723042598307\" data-module-col=\"5\"><div class=\"module-inside text-inside\" style=\"--top-mod: 0px;--bottom-mod: 20px;--top-mod-t: 0px;--bottom-mod-t: 20px;--top-mod-m:0px;--bottom-mod-m:0px;\" ><div class=\"text_block_out\"  data-effect=\"standard\" style=\"\"><div class=\"text_block ux-mod-nobg\"><div class=\"text_block_inn\"><div id=\"text-1723042598307\" class=\"text_block_centered text_block_centered_enable_width\"  style=\"\"><h3>Markus Nindl BA<\/h3><\/div><\/div><\/div><\/div><\/div><\/div><div id=\"\" class=\"module col-5 module-id-1723042598483\" data-module-col=\"5\"><div class=\"module-inside text-inside\" style=\"--top-mod: 0px;--bottom-mod: 40px;--top-mod-t: 0px;--bottom-mod-t: 40px;--top-mod-m:0px;--bottom-mod-m:0px;\" ><div class=\"text_block_out\"  data-effect=\"standard\" style=\"\"><div class=\"text_block ux-mod-nobg\"><div class=\"text_block_inn\"><div id=\"text-1723042598483\" class=\"text_block_centered text_block_centered_enable_width\"  style=\"\"><p>Rechengasse 5, 6020 Innsbruck<br>0043 699 17063248<br>ATU73798713<br><a href=\"mailto:welcome@studio-max.at\">welcome@studio-max.at<\/a><br><a href=\"https:\/\/www.studio-max.at\/\">www.studio-max.at<\/a><\/p><\/div><\/div><\/div><\/div><\/div><\/div><div id=\"\" class=\"module col-5 module-id-1723042598680\" data-module-col=\"5\"><div class=\"module-inside text-inside\" style=\"--top-mod: 0px;--bottom-mod: 0px;--top-mod-t: 0px;--bottom-mod-t: 0px;--top-mod-m:0px;--bottom-mod-m:0px;\" ><div class=\"text_block_out\"  data-effect=\"standard\" style=\"\"><div class=\"text_block ux-mod-nobg\"><div class=\"text_block_inn\"><div id=\"text-1723042598680\" class=\"text_block_centered text_block_centered_enable_width\"  style=\"\"><h4>Graphic- und Digital Design<\/h4><\/div><\/div><\/div><\/div><\/div><\/div><div id=\"\" class=\"module col-5 module-id-1723042598857\" data-module-col=\"5\"><div class=\"module-inside text-inside\" style=\"--top-mod: 0px;--bottom-mod: 20px;--top-mod-t: 0px;--bottom-mod-t: 20px;--top-mod-m:0px;--bottom-mod-m:0px;\" ><div class=\"text_block_out\"  data-effect=\"standard\" style=\"\"><div class=\"text_block ux-mod-nobg\"><div class=\"text_block_inn\"><div id=\"text-1723042598857\" class=\"text_block_centered text_block_centered_enable_width\"  style=\"\"><p>Markus Nindl, BA<br><a href=\"https:\/\/www.studio-max.at\/\">www.studio-max.at<\/a><\/p><\/div><\/div><\/div><\/div><\/div><\/div><div id=\"\" class=\"module col-5 module-id-172304259911\" data-module-col=\"5\"><div class=\"module-inside text-inside\" style=\"--top-mod: 0px;--bottom-mod: 0px;--top-mod-t: 0px;--bottom-mod-t: 0px;--top-mod-m:0px;--bottom-mod-m:0px;\" ><div class=\"text_block_out\"  data-effect=\"standard\" style=\"\"><div class=\"text_block ux-mod-nobg\"><div class=\"text_block_inn\"><div id=\"text-172304259911\" class=\"text_block_centered text_block_centered_enable_width\"  style=\"\"><h4>Technische Umsetzung:<\/h4><\/div><\/div><\/div><\/div><\/div><\/div><div id=\"\" class=\"module col-5 module-id-1723042599157\" data-module-col=\"5\"><div class=\"module-inside text-inside\" style=\"--top-mod: 0px;--bottom-mod: 20px;--top-mod-t: 0px;--bottom-mod-t: 20px;--top-mod-m:0px;--bottom-mod-m:0px;\" ><div class=\"text_block_out\"  data-effect=\"standard\" style=\"\"><div class=\"text_block ux-mod-nobg\"><div class=\"text_block_inn\"><div id=\"text-1723042599157\" class=\"text_block_centered text_block_centered_enable_width\"  style=\"\"><p>DI Erwin Nindl, BSc<br><a href=\"https:\/\/www.nindl.net\/\" target=\"_blank\" rel=\"noopener\">nindl.net<\/a><\/p><\/div><\/div><\/div><\/div><\/div><\/div><div id=\"\" class=\"module col-5 module-id-1723042599355\" data-module-col=\"5\"><div class=\"module-inside text-inside\" style=\"--top-mod: 0px;--bottom-mod: 0px;--top-mod-t: 0px;--bottom-mod-t: 0px;--top-mod-m:0px;--bottom-mod-m:0px;\" ><div class=\"text_block_out\"  data-effect=\"standard\" style=\"\"><div class=\"text_block ux-mod-nobg\"><div class=\"text_block_inn\"><div id=\"text-1723042599355\" class=\"text_block_centered text_block_centered_enable_width\"  style=\"\"><h4>Haftung und Copyright:<\/h4><\/div><\/div><\/div><\/div><\/div><\/div><div id=\"\" class=\"module col-5 module-id-1723042599543\" data-module-col=\"5\"><div class=\"module-inside text-inside\" style=\"--top-mod: 0px;--bottom-mod: 20px;--top-mod-t: 0px;--bottom-mod-t: 20px;--top-mod-m:0px;--bottom-mod-m:0px;\" ><div class=\"text_block_out\"  data-effect=\"standard\" style=\"\"><div class=\"text_block ux-mod-nobg\"><div class=\"text_block_inn\"><div id=\"text-1723042599543\" class=\"text_block_centered text_block_centered_enable_width\"  style=\"\"><p>S\u00e4mtliche Zahlen und Texte auf unsere Website wurden sorgf\u00e4ltig gepr\u00fcft. Trotzdem kann keine Garantie f\u00fcr die Richtigkeit, Vollst\u00e4ndigkeit und Aktualit\u00e4t der Angaben \u00fcbernommen werden.<\/p><\/div><\/div><\/div><\/div><\/div><\/div><div id=\"\" class=\"module col-5 module-id-1723042599733\" data-module-col=\"5\"><div class=\"module-inside text-inside\" style=\"--top-mod: 0px;--bottom-mod: 0px;--top-mod-t: 0px;--bottom-mod-t: 0px;--top-mod-m:0px;--bottom-mod-m:0px;\" ><div class=\"text_block_out\"  data-effect=\"standard\" style=\"\"><div class=\"text_block ux-mod-nobg\"><div class=\"text_block_inn\"><div id=\"text-1723042599733\" class=\"text_block_centered text_block_centered_enable_width\"  style=\"\"><h4>Quellenangaben Bilder:<\/h4><\/div><\/div><\/div><\/div><\/div><\/div><div id=\"\" class=\"module col-5 module-id-1723042599892\" data-module-col=\"5\"><div class=\"module-inside text-inside\" style=\"--top-mod: 0px;--bottom-mod: 40px;--top-mod-t: 0px;--bottom-mod-t: 40px;--top-mod-m:0px;--bottom-mod-m:0px;\" ><div class=\"text_block_out\"  data-effect=\"standard\" style=\"\"><div class=\"text_block ux-mod-nobg\"><div class=\"text_block_inn\"><div id=\"text-1723042599892\" class=\"text_block_centered text_block_centered_enable_width\"  style=\"\"><p>Eigene, Shutterstock, Inc., MockupCloud<br>Texte, Bilder und Grafiken dieser Seite d\u00fcrfen nur nach ausdr\u00fccklicher Genehmigung der Eigent\u00fcmer verwendet werden.<br>Alle Informationen und Erkl\u00e4rungen unserer Internetseiten sind unverbindlich. Wir \u00fcbernehmen f\u00fcr die Richtigkeit und Vollst\u00e4ndigkeit der Inhalte keine Garantie. Aus den Inhalten dieser Internetseiten k\u00f6nnen sich auch keine Rechtsanspr\u00fcche ergeben. Sollten Ihnen Fehler im Inhalt auffallen, ersuchen wir Sie uns zu kontaktieren, damit wir diese korrigieren k\u00f6nnen. Wir identifizieren uns nicht mit dem Inhalt der Seiten, bzw. Unterseiten auf die gelinkt wird und \u00fcbernehmen daf\u00fcr keine Haftung. Sollte eine der Seiten, auf die wir linken, bedenkliche Inhalte aufweisen oder nicht vom jeweiligen Seiteninhaber erw\u00fcnscht sein, dann wird der jeweilige Link sofort gel\u00f6scht.<\/p><\/div><\/div><\/div><\/div><\/div><\/div><\/div><\/div><div id=\"\" class=\"module col-5 module-id-172304260021 bm-wrap row-top row-left bm-wrap-height-auto col-offset-1\" data-module-col=\"5\" data-change-color=\"off\" data-backcolor=\"transparent\" data-frontcolor=\"\" data-logocolor=\"\" data-goto-top=\"off\" data-goto-top-spacing=\"0\" data-goto-disable-m=\"\" data-groupsameheight=\"off\"><div class=\"module-inside group-inside\" style=\"--top-mod: 0px;--bottom-mod: 0px;--top-mod-t: 0px;--bottom-mod-t: 0px;--top-mod-m:0px;--bottom-mod-m:0px;\" ><div id=\"\" class=\"module col-5 module-id-1723042600180\" data-module-col=\"5\"><div class=\"module-inside text-inside\" style=\"--top-mod: 0px;--bottom-mod: 20px;--top-mod-t: 0px;--bottom-mod-t: 20px;--top-mod-m:0px;--bottom-mod-m:0px;\" ><div class=\"text_block_out\"  data-effect=\"standard\" style=\"\"><div class=\"text_block ux-mod-nobg\"><div class=\"text_block_inn\"><div id=\"text-1723042600180\" class=\"text_block_centered text_block_centered_enable_width\"  style=\"\"><h3>Datenschutzerkl\u00e4rung<\/h3><\/div><\/div><\/div><\/div><\/div><\/div><div id=\"\" class=\"module col-5 module-id-1723042600313\" data-module-col=\"5\"><div class=\"module-inside text-inside\" style=\"--top-mod: 0px;--bottom-mod: 40px;--top-mod-t: 0px;--bottom-mod-t: 40px;--top-mod-m:0px;--bottom-mod-m:0px;\" ><div class=\"text_block_out\"  data-effect=\"standard\" style=\"\"><div class=\"text_block ux-mod-nobg\"><div class=\"text_block_inn\"><div id=\"text-1723042600313\" class=\"text_block_centered text_block_centered_enable_width\"  style=\"\"><p>Der Schutz Ihrer pers\u00f6nlichen Daten ist uns ein besonderes Anliegen. Wir verarbeiten Ihre Daten daher ausschlie\u00dflich auf Grundlage der gesetzlichen Bestimmungen (DSGVO, TKG 2003). In diesen Datenschutzinformationen informieren wir Sie \u00fcber die wichtigsten Aspekte der Datenverarbeitung im Rahmen unserer Website.<\/p><\/div><\/div><\/div><\/div><\/div><\/div><div id=\"\" class=\"module col-5 module-id-1723042600449\" data-module-col=\"5\"><div class=\"module-inside text-inside\" style=\"--top-mod: 0px;--bottom-mod: 0px;--top-mod-t: 0px;--bottom-mod-t: 0px;--top-mod-m:0px;--bottom-mod-m:0px;\" ><div class=\"text_block_out\"  data-effect=\"standard\" style=\"\"><div class=\"text_block ux-mod-nobg\"><div class=\"text_block_inn\"><div id=\"text-1723042600449\" class=\"text_block_centered text_block_centered_enable_width\"  style=\"\"><h4>Kontakt mit uns<\/h4><\/div><\/div><\/div><\/div><\/div><\/div><div id=\"\" class=\"module col-5 module-id-1723042600599\" data-module-col=\"5\"><div class=\"module-inside text-inside\" style=\"--top-mod: 0px;--bottom-mod: 20px;--top-mod-t: 0px;--bottom-mod-t: 20px;--top-mod-m:0px;--bottom-mod-m:0px;\" ><div class=\"text_block_out\"  data-effect=\"standard\" style=\"\"><div class=\"text_block ux-mod-nobg\"><div class=\"text_block_inn\"><div id=\"text-1723042600599\" class=\"text_block_centered text_block_centered_enable_width\"  style=\"\"><p>Wenn Sie per Formular auf der Website oder per E-Mail Kontakt mit uns aufnehmen, werden Ihre angegebenen Daten zwecks Bearbeitung der Anfrage und f\u00fcr den Fall von Anschlussfragen sechs Monate bei uns gespeichert. Diese Daten geben wir nicht ohne Ihre Einwilligung weiter.<\/p><\/div><\/div><\/div><\/div><\/div><\/div><div id=\"\" class=\"module col-5 module-id-1723042600783\" data-module-col=\"5\"><div class=\"module-inside text-inside\" style=\"--top-mod: 0px;--bottom-mod: 0px;--top-mod-t: 0px;--bottom-mod-t: 0px;--top-mod-m:0px;--bottom-mod-m:0px;\" ><div class=\"text_block_out\"  data-effect=\"standard\" style=\"\"><div class=\"text_block ux-mod-nobg\"><div class=\"text_block_inn\"><div id=\"text-1723042600783\" class=\"text_block_centered text_block_centered_enable_width\"  style=\"\"><h4>Cookies<\/h4><\/div><\/div><\/div><\/div><\/div><\/div><div id=\"\" class=\"module col-5 module-id-1723042600964\" data-module-col=\"5\"><div class=\"module-inside text-inside\" style=\"--top-mod: 0px;--bottom-mod: 20px;--top-mod-t: 0px;--bottom-mod-t: 20px;--top-mod-m:0px;--bottom-mod-m:0px;\" ><div class=\"text_block_out\"  data-effect=\"standard\" style=\"\"><div class=\"text_block ux-mod-nobg\"><div class=\"text_block_inn\"><div id=\"text-1723042600964\" class=\"text_block_centered text_block_centered_enable_width\"  style=\"\"><p>Unsere Website verwendet nur technisch notwendige Cookies.<\/p><\/div><\/div><\/div><\/div><\/div><\/div><div id=\"\" class=\"module col-5 module-id-1723042601143\" data-module-col=\"5\"><div class=\"module-inside text-inside\" style=\"--top-mod: 0px;--bottom-mod: 0px;--top-mod-t: 0px;--bottom-mod-t: 0px;--top-mod-m:0px;--bottom-mod-m:0px;\" ><div class=\"text_block_out\"  data-effect=\"standard\" style=\"\"><div class=\"text_block ux-mod-nobg\"><div class=\"text_block_inn\"><div id=\"text-1723042601143\" class=\"text_block_centered text_block_centered_enable_width\"  style=\"\"><h4>Matomo Web-Analyse<\/h4><\/div><\/div><\/div><\/div><\/div><\/div><div id=\"\" class=\"module col-5 module-id-1723042601351\" data-module-col=\"5\"><div class=\"module-inside text-inside\" style=\"--top-mod: 0px;--bottom-mod: 20px;--top-mod-t: 0px;--bottom-mod-t: 20px;--top-mod-m:0px;--bottom-mod-m:0px;\" ><div class=\"text_block_out\"  data-effect=\"standard\" style=\"\"><div class=\"text_block ux-mod-nobg\"><div class=\"text_block_inn\"><div id=\"text-1723042601351\" class=\"text_block_centered text_block_centered_enable_width\"  style=\"\"><p>Diese Webseite benutzt die Open-Source-Software Matomo. Mithilfe von Matomo werden statistische Auswertungen von Besucherzahlen gemacht und Reports f\u00fcr den Webseitenbetreiber erstellt. Matomo ist datenschutzkonform konfiguriert, Besucherstatistiken werden anonymisiert erhoben. Durch Aktivierung der \u201eDo-Not-Track\u201c Option\u201c Ihres Browsers, wird Ihr Besuch automatisch ignoriert.<\/p><\/div><\/div><\/div><\/div><\/div><\/div><div id=\"\" class=\"module col-5 module-id-17230426011439\" data-module-col=\"5\"><div class=\"module-inside text-inside\" style=\"--top-mod: 0px;--bottom-mod: 0px;--top-mod-t: 0px;--bottom-mod-t: 0px;--top-mod-m:0px;--bottom-mod-m:0px;\" ><div class=\"text_block_out\" data-animation=\"fadein\" data-effect=\"standard\" style=\"\"><div class=\"text_block ux-mod-nobg\"><div class=\"text_block_inn\"><div id=\"text-17230426011439\" class=\"text_block_centered \"  style=\"\"><h4>Ihre Rechte<\/h4><\/div><\/div><\/div><\/div><\/div><\/div><div id=\"\" class=\"module col-5 module-id-1723042601752\" data-module-col=\"5\"><div class=\"module-inside text-inside\" style=\"--top-mod: 0px;--bottom-mod: 40px;--top-mod-t: 0px;--bottom-mod-t: 40px;--top-mod-m:0px;--bottom-mod-m:0px;\" ><div class=\"text_block_out\"  data-effect=\"standard\" style=\"\"><div class=\"text_block ux-mod-nobg\"><div class=\"text_block_inn\"><div id=\"text-1723042601752\" class=\"text_block_centered text_block_centered_enable_width\"  style=\"\"><p>Ihnen stehen grunds\u00e4tzlich die Rechte auf Auskunft, Berichtigung, L\u00f6schung, Einschr\u00e4nkung, Daten\u00fcbertragbarkeit, Widerruf und Widerspruch zu. Wenn Sie glauben, dass die Verarbeitung Ihrer Daten gegen das Datenschutzrecht verst\u00f6\u00dft oder Ihre datenschutzrechtlichen Anspr\u00fcche sonst in einer Weise verletzt worden sind, k\u00f6nnen Sie sich bei der Aufsichtsbeh\u00f6rde beschweren. In \u00d6sterreich ist dies die Datenschutzbeh\u00f6rde.<\/p>\n<p>&nbsp;<\/p>\n<p>Sie erreichen uns \u00fcber die oben genannten Kontaktdaten.<\/p><\/div><\/div><\/div><\/div><\/div><\/div><\/div><\/div><\/div>","protected":false},"excerpt":{"rendered":"<p>ImpressumInformationen gem\u00e4\u00df E-Commerce-Gesetz (ECG) und \u00a725 MediengesetzMarkus Nindl BARechengasse 5, &hellip;<\/p>\n","protected":false},"author":2,"featured_media":0,"parent":0,"menu_order":0,"comment_status":"closed","ping_status":"closed","template":"","meta":{"inline_featured_image":false,"footnotes":""},"class_list":["post-7929","page","type-page","status-publish","hentry"],"_links":{"self":[{"href":"https:\/\/www.studio-max.at\/de\/wp-json\/wp\/v2\/pages\/7929","targetHints":{"allow":["GET"]}}],"collection":[{"href":"https:\/\/www.studio-max.at\/de\/wp-json\/wp\/v2\/pages"}],"about":[{"href":"https:\/\/www.studio-max.at\/de\/wp-json\/wp\/v2\/types\/page"}],"author":[{"embeddable":true,"href":"https:\/\/www.studio-max.at\/de\/wp-json\/wp\/v2\/users\/2"}],"replies":[{"embeddable":true,"href":"https:\/\/www.studio-max.at\/de\/wp-json\/wp\/v2\/comments?post=7929"}],"version-history":[{"count":1,"href":"https:\/\/www.studio-max.at\/de\/wp-json\/wp\/v2\/pages\/7929\/revisions"}],"predecessor-version":[{"id":7954,"href":"https:\/\/www.studio-max.at\/de\/wp-json\/wp\/v2\/pages\/7929\/revisions\/7954"}],"wp:attachment":[{"href":"https:\/\/www.studio-max.at\/de\/wp-json\/wp\/v2\/media?parent=7929"}],"curies":[{"name":"wp","href":"https:\/\/api.w.org\/{rel}","templated":true}]}}